{"id":654,"date":"2025-04-02T10:50:10","date_gmt":"2025-04-02T08:50:10","guid":{"rendered":"https:\/\/www.nextlab-systems.de\/?page_id=654"},"modified":"2026-04-01T14:04:33","modified_gmt":"2026-04-01T12:04:33","slug":"rack-reader","status":"publish","type":"page","link":"https:\/\/www.nextlab-systems.de\/de\/","title":{"rendered":"rack reader"},"content":{"rendered":"<div class=\"wp-block-cover alignfull wp-duotone-unset-2\" style=\"margin-top:0;padding-top:48px;padding-right:48px;padding-bottom:48px;padding-left:48px;min-height:66px;aspect-ratio:unset;\"><img loading=\"lazy\" decoding=\"async\" width=\"1024\" height=\"728\" class=\"wp-block-cover__image-background wp-image-174\" alt=\"\" src=\"https:\/\/www.nextlab-systems.de\/wp-content\/uploads\/2024\/06\/background-1.png\" style=\"object-position:52% 71%\" data-object-fit=\"cover\" data-object-position=\"52% 71%\" srcset=\"https:\/\/www.nextlab-systems.de\/wp-content\/uploads\/2024\/06\/background-1.png 1024w, https:\/\/www.nextlab-systems.de\/wp-content\/uploads\/2024\/06\/background-1-300x213.png 300w, https:\/\/www.nextlab-systems.de\/wp-content\/uploads\/2024\/06\/background-1-768x546.png 768w\" sizes=\"auto, (max-width: 1024px) 100vw, 1024px\" \/><span aria-hidden=\"true\" class=\"wp-block-cover__background has-background-dim-30 has-background-dim\" style=\"background-color:#1c5876\"><\/span><div class=\"wp-block-cover__inner-container is-layout-flow wp-block-cover-is-layout-flow\">\n<h2 class=\"wp-block-heading has-text-align-left has-white-color has-text-color\" style=\"padding-top:0;padding-right:0;padding-bottom:0;padding-left:0;font-size:clamp(50.171px, 3.136rem + ((1vw - 3.2px) * 5.191), 100px);font-style:normal;font-weight:700;letter-spacing:0px;line-height:1;text-transform:lowercase\">rack reader<\/h2>\n\n\n\n<p class=\"has-base-2-color has-text-color has-link-color has-large-font-size wp-elements-8d8c3b064f15ffcc86a5d3a0ebbc4376\" style=\"padding-right:0;padding-left:0\">only B2B<\/p>\n\n\n\n<div class=\"wp-block-columns is-layout-flex wp-container-core-columns-is-layout-28f84493 wp-block-columns-is-layout-flex\">\n<div class=\"wp-block-column is-layout-flow wp-block-column-is-layout-flow\">\n<figure class=\"wp-block-image aligncenter size-full is-resized\"><img loading=\"lazy\" decoding=\"async\" width=\"400\" height=\"345\" src=\"https:\/\/www.nextlab-systems.de\/wp-content\/uploads\/2025\/03\/Productoverview_de-400x345-1.png\" alt=\"\" class=\"wp-image-521\" style=\"width:400px\" srcset=\"https:\/\/www.nextlab-systems.de\/wp-content\/uploads\/2025\/03\/Productoverview_de-400x345-1.png 400w, https:\/\/www.nextlab-systems.de\/wp-content\/uploads\/2025\/03\/Productoverview_de-400x345-1-300x259.png 300w, https:\/\/www.nextlab-systems.de\/wp-content\/uploads\/2025\/03\/Productoverview_de-400x345-1-14x12.png 14w\" sizes=\"auto, (max-width: 400px) 100vw, 400px\" \/><\/figure>\n<\/div>\n\n\n\n<div class=\"wp-block-column is-layout-flow wp-block-column-is-layout-flow\">\n<p class=\"has-base-2-color has-text-color has-link-color wp-elements-96e0ac5b5801d7e4a5e80682f58e575e\">We are the B2B sales and service partner for <strong><a href=\"https:\/\/www.lab-biotech.de\" target=\"_blank\" rel=\"noopener\">LAB-Biotech GmbH<\/a><\/strong> products, providing expert distribution and support to ensure seamless integration and optimal performance for our customers.<\/p>\n\n\n\n<h1 class=\"wp-block-heading has-base-2-color has-text-color has-link-color wp-elements-71383d7b9e4b8ca02e7222f906834ef5\">loslegen f\u00fcr <strong>399<\/strong>&nbsp;<strong>\u20ac<\/strong><\/h1>\n\n\n\n<div class=\"wp-block-buttons is-layout-flex wp-block-buttons-is-layout-flex\">\n<div class=\"wp-block-button is-style-outline is-style-outline--1\"><a class=\"wp-block-button__link wp-element-button\" href=\"https:\/\/www.nextlab-systems.de\/de\/request-offer\/\" style=\"border-radius:5px\"><strong>Angebot anfordern<\/strong><\/a><\/div>\n<\/div>\n<\/div>\n<\/div>\n<\/div><\/div>\n\n\n\n<div class=\"wp-block-group alignwide is-layout-grid wp-container-core-group-is-layout-6e43047b wp-block-group-is-layout-grid\">\n<div class=\"wp-block-group has-border-color has-contrast-3-border-color has-accent-5-background-color has-background has-global-padding is-layout-constrained wp-block-group-is-layout-constrained\" style=\"border-width:1px;border-radius:15px\">\n<p class=\"has-text-align-center has-large-font-size\" style=\"margin-top:var(--wp--preset--spacing--10);margin-bottom:var(--wp--preset--spacing--10)\"><strong>rackreader.de<\/strong><\/p>\n\n\n\n<p class=\"has-text-align-left has-medium-font-size\" style=\"margin-top:var(--wp--preset--spacing--10);margin-right:0;margin-bottom:var(--wp--preset--spacing--10);margin-left:0;padding-right:var(--wp--preset--spacing--10);padding-left:var(--wp--preset--spacing--10)\">We specialize in laboratory scanning systems designed for seamless sample tracking and management. Our solutions include mobile scanners, single readers, and rack readers, enhancing efficiency and accuracy in laboratory workflows.<\/p>\n<\/div>\n\n\n\n<div class=\"wp-block-group has-border-color has-contrast-3-border-color has-accent-5-background-color has-background has-global-padding is-content-justification-center is-layout-constrained wp-block-group-is-layout-constrained\" style=\"border-width:1px;border-radius:15px\">\n<figure class=\"wp-block-image aligncenter size-full is-resized has-custom-border is-style-rounded is-style-rounded--3\" style=\"margin-top:var(--wp--preset--spacing--10);margin-right:0;margin-bottom:var(--wp--preset--spacing--10);margin-left:0\"><a href=\"https:\/\/www.lab-biotech.de\/flashscannt-rack-reader\/\" target=\"_blank\" rel=\"noopener\"><img loading=\"lazy\" decoding=\"async\" width=\"249\" height=\"166\" src=\"https:\/\/www.nextlab-systems.de\/wp-content\/uploads\/2025\/03\/FlashScanNT-249x187-1.jpg\" alt=\"\" class=\"wp-image-516\" style=\"border-radius:0px;object-fit:contain;width:250px;height:200px\" srcset=\"https:\/\/www.nextlab-systems.de\/wp-content\/uploads\/2025\/03\/FlashScanNT-249x187-1.jpg 249w, https:\/\/www.nextlab-systems.de\/wp-content\/uploads\/2025\/03\/FlashScanNT-249x187-1-18x12.jpg 18w\" sizes=\"auto, (max-width: 249px) 100vw, 249px\" \/><\/a><\/figure>\n\n\n\n<p class=\"has-text-align-center has-medium-font-size\" style=\"margin-top:var(--wp--preset--spacing--10);margin-bottom:var(--wp--preset--spacing--10)\"><strong><a href=\"https:\/\/www.lab-biotech.de\/flashscannt-rack-reader\/\" target=\"_blank\" rel=\"noopener\">FlashScan NT<\/a> <\/strong><br>Rack Reader<\/p>\n<\/div>\n\n\n\n<div class=\"wp-block-group has-border-color has-contrast-3-border-color has-accent-5-background-color has-background has-global-padding is-layout-constrained wp-block-group-is-layout-constrained\" style=\"border-width:1px;border-radius:15px\">\n<figure class=\"wp-block-image aligncenter size-full is-resized is-style-rounded is-style-rounded--4\" style=\"margin-top:var(--wp--preset--spacing--10);margin-bottom:var(--wp--preset--spacing--10)\"><a href=\"https:\/\/www.lab-biotech.de\/flashscanv2\/\" target=\"_blank\" rel=\"noopener\"><img loading=\"lazy\" decoding=\"async\" width=\"249\" height=\"352\" src=\"https:\/\/www.nextlab-systems.de\/wp-content\/uploads\/2025\/03\/cryo_labbiotech-249x352-1.png\" alt=\"\" class=\"wp-image-514\" style=\"object-fit:contain;width:250px;height:200px\" srcset=\"https:\/\/www.nextlab-systems.de\/wp-content\/uploads\/2025\/03\/cryo_labbiotech-249x352-1.png 249w, https:\/\/www.nextlab-systems.de\/wp-content\/uploads\/2025\/03\/cryo_labbiotech-249x352-1-212x300.png 212w, https:\/\/www.nextlab-systems.de\/wp-content\/uploads\/2025\/03\/cryo_labbiotech-249x352-1-8x12.png 8w\" sizes=\"auto, (max-width: 249px) 100vw, 249px\" \/><\/a><\/figure>\n\n\n\n<p class=\"has-text-align-center\" style=\"margin-top:var(--wp--preset--spacing--10);margin-bottom:var(--wp--preset--spacing--10)\"><strong><a href=\"https:\/\/www.lab-biotech.de\/flashscanv2\/\" target=\"_blank\" rel=\"noopener\">FlashScanV2 Cryo <\/a><\/strong><br>Rack Reader<\/p>\n<\/div>\n\n\n\n<div class=\"wp-block-group has-border-color has-contrast-3-border-color has-accent-5-background-color has-background has-global-padding is-layout-constrained wp-block-group-is-layout-constrained\" style=\"border-width:1px;border-radius:15px\">\n<figure class=\"wp-block-image aligncenter size-full is-resized is-style-rounded is-style-rounded--5\" style=\"margin-top:var(--wp--preset--spacing--10);margin-bottom:var(--wp--preset--spacing--10)\"><img loading=\"lazy\" decoding=\"async\" width=\"249\" height=\"322\" src=\"https:\/\/www.nextlab-systems.de\/wp-content\/uploads\/2025\/03\/MobileONE-249x322-1.png\" alt=\"\" class=\"wp-image-518\" style=\"object-fit:contain;width:250px;height:200px\" srcset=\"https:\/\/www.nextlab-systems.de\/wp-content\/uploads\/2025\/03\/MobileONE-249x322-1.png 249w, https:\/\/www.nextlab-systems.de\/wp-content\/uploads\/2025\/03\/MobileONE-249x322-1-232x300.png 232w, https:\/\/www.nextlab-systems.de\/wp-content\/uploads\/2025\/03\/MobileONE-249x322-1-9x12.png 9w\" sizes=\"auto, (max-width: 249px) 100vw, 249px\" \/><\/figure>\n\n\n\n<p class=\"has-text-align-center\" style=\"margin-top:var(--wp--preset--spacing--10);margin-bottom:var(--wp--preset--spacing--10)\"><strong>MobileONE <\/strong><br>Single Tube Reader<\/p>\n<\/div>\n\n\n\n<div class=\"wp-block-group has-border-color has-contrast-3-border-color has-accent-5-background-color has-background has-global-padding is-layout-constrained wp-block-group-is-layout-constrained\" style=\"border-width:1px;border-radius:15px\">\n<figure class=\"wp-block-image aligncenter size-full is-resized is-style-default\" style=\"margin-top:var(--wp--preset--spacing--10);margin-bottom:var(--wp--preset--spacing--10)\"><img loading=\"lazy\" decoding=\"async\" width=\"249\" height=\"262\" src=\"https:\/\/www.nextlab-systems.de\/wp-content\/uploads\/2025\/03\/QuickScanSoftware-249x262-1.png\" alt=\"\" class=\"wp-image-523\" style=\"object-fit:contain;width:250px;height:200px\" srcset=\"https:\/\/www.nextlab-systems.de\/wp-content\/uploads\/2025\/03\/QuickScanSoftware-249x262-1.png 249w, https:\/\/www.nextlab-systems.de\/wp-content\/uploads\/2025\/03\/QuickScanSoftware-249x262-1-11x12.png 11w\" sizes=\"auto, (max-width: 249px) 100vw, 249px\" \/><\/figure>\n\n\n\n<p class=\"has-text-align-center\" style=\"margin-top:var(--wp--preset--spacing--10);margin-bottom:var(--wp--preset--spacing--10)\"><strong>QuickScan software<\/strong><br>Capturing and Tracking<\/p>\n<\/div>\n\n\n\n<div class=\"wp-block-group has-border-color has-contrast-3-border-color has-accent-5-background-color has-background has-global-padding is-layout-constrained wp-block-group-is-layout-constrained\" style=\"border-width:1px;border-radius:15px\">\n<figure class=\"wp-block-image aligncenter size-full is-resized is-style-default\" style=\"margin-top:var(--wp--preset--spacing--10);margin-bottom:var(--wp--preset--spacing--10)\"><a href=\"https:\/\/www.lab-biotech.de\/quickone-easy-2-use-single-tube-reader\/\" target=\"_blank\" rel=\"noopener\"><img loading=\"lazy\" decoding=\"async\" width=\"249\" height=\"204\" src=\"https:\/\/www.nextlab-systems.de\/wp-content\/uploads\/2025\/03\/quickone_gen2-249x204-1.png\" alt=\"Single Tube Reader\" class=\"wp-image-522\" style=\"object-fit:contain;width:250px;height:200px\" srcset=\"https:\/\/www.nextlab-systems.de\/wp-content\/uploads\/2025\/03\/quickone_gen2-249x204-1.png 249w, https:\/\/www.nextlab-systems.de\/wp-content\/uploads\/2025\/03\/quickone_gen2-249x204-1-15x12.png 15w\" sizes=\"auto, (max-width: 249px) 100vw, 249px\" \/><\/a><\/figure>\n\n\n\n<p class=\"has-text-align-center\" style=\"margin-top:var(--wp--preset--spacing--10);margin-bottom:var(--wp--preset--spacing--10)\"><strong><a href=\"https:\/\/www.lab-biotech.de\/quickone-easy-2-use-single-tube-reader\/\" target=\"_blank\" rel=\"noopener\">QuickONE<\/a><\/strong><br>Single Tube Reader<\/p>\n<\/div>\n\n\n\n<div class=\"wp-block-group has-border-color has-contrast-3-border-color has-accent-5-background-color has-background has-global-padding is-layout-constrained wp-block-group-is-layout-constrained\" style=\"border-width:1px;border-radius:15px\">\n<figure class=\"wp-block-image aligncenter size-full is-resized is-style-default\" style=\"margin-top:var(--wp--preset--spacing--10);margin-bottom:var(--wp--preset--spacing--10)\"><img loading=\"lazy\" decoding=\"async\" width=\"249\" height=\"195\" src=\"https:\/\/www.nextlab-systems.de\/wp-content\/uploads\/2025\/03\/SampleCollector-249x195-1.png\" alt=\"Software to collect sample data\" class=\"wp-image-524\" style=\"object-fit:contain;width:250px;height:200px\" srcset=\"https:\/\/www.nextlab-systems.de\/wp-content\/uploads\/2025\/03\/SampleCollector-249x195-1.png 249w, https:\/\/www.nextlab-systems.de\/wp-content\/uploads\/2025\/03\/SampleCollector-249x195-1-15x12.png 15w\" sizes=\"auto, (max-width: 249px) 100vw, 249px\" \/><\/figure>\n\n\n\n<p class=\"has-text-align-center\" style=\"margin-top:var(--wp--preset--spacing--10);margin-bottom:var(--wp--preset--spacing--10)\"><strong>Sample Collector<\/strong><br>Barcode Data Management<\/p>\n<\/div>\n\n\n\n<div class=\"wp-block-group has-border-color has-contrast-2-border-color has-accent-5-background-color has-background has-global-padding is-layout-constrained wp-block-group-is-layout-constrained\" style=\"border-width:1px;border-radius:15px\">\n<figure class=\"wp-block-image aligncenter size-full is-resized is-style-default\" style=\"margin-top:var(--wp--preset--spacing--10);margin-bottom:var(--wp--preset--spacing--10)\"><img loading=\"lazy\" decoding=\"async\" width=\"249\" height=\"143\" src=\"https:\/\/www.nextlab-systems.de\/wp-content\/uploads\/2025\/03\/defrost-249x143-1.png\" alt=\"Tool to remove ice from frozen racks\" class=\"wp-image-515\" style=\"object-fit:contain;width:250px;height:200px\" srcset=\"https:\/\/www.nextlab-systems.de\/wp-content\/uploads\/2025\/03\/defrost-249x143-1.png 249w, https:\/\/www.nextlab-systems.de\/wp-content\/uploads\/2025\/03\/defrost-249x143-1-18x10.png 18w\" sizes=\"auto, (max-width: 249px) 100vw, 249px\" \/><\/figure>\n\n\n\n<p class=\"has-text-align-center\" style=\"margin-top:var(--wp--preset--spacing--10);margin-bottom:var(--wp--preset--spacing--10)\"><strong>DefrostRoll<\/strong><br>defrosting samples<\/p>\n<\/div>\n\n\n\n<div class=\"wp-block-group has-border-color has-contrast-3-border-color has-accent-5-background-color has-background has-global-padding is-layout-constrained wp-block-group-is-layout-constrained\" style=\"border-width:1px;border-radius:15px\">\n<p class=\"has-text-align-center has-large-font-size\" style=\"margin-top:var(--wp--preset--spacing--10);margin-bottom:var(--wp--preset--spacing--10)\"><strong>2D barcode<\/strong><\/p>\n\n\n\n<p class=\"has-text-align-left has-medium-font-size\" style=\"margin-top:var(--wp--preset--spacing--10);margin-right:0;margin-bottom:var(--wp--preset--spacing--10);margin-left:0;padding-right:var(--wp--preset--spacing--10);padding-left:var(--wp--preset--spacing--10)\">Laboratory scanning systems play a vital role in sample traceability by ensuring precise identification, reducing human errors, and simplifying data entry. This boosts efficiency, strengthens data integrity, and supports compliance with regulatory standards, resulting in reliable and reproducible outcomes.<\/p>\n<\/div>\n<\/div>\n\n\n\n<hr class=\"wp-block-separator has-alpha-channel-opacity is-style-dots\"\/>\n\n\n\n<div class=\"wp-block-group alignwide has-accent-5-background-color has-background is-layout-flow wp-block-group-is-layout-flow\" style=\"border-radius:15px;padding-top:var(--wp--preset--spacing--10);padding-right:var(--wp--preset--spacing--30);padding-bottom:var(--wp--preset--spacing--10);padding-left:var(--wp--preset--spacing--30)\"><ul style=\"padding-right:0;padding-left:0;margin-right:0;margin-left:0;\" class=\"wp-block-latest-posts__list has-dates alignwide wp-block-latest-posts\"><li><div class=\"wp-block-latest-posts__featured-image alignleft\"><img loading=\"lazy\" decoding=\"async\" width=\"150\" height=\"150\" src=\"https:\/\/www.nextlab-systems.de\/wp-content\/uploads\/2024\/06\/SampleCollector-150x150.png\" class=\"attachment-thumbnail size-thumbnail wp-post-image\" alt=\"\" style=\"\" \/><\/div><a class=\"wp-block-latest-posts__post-title\" href=\"https:\/\/www.nextlab-systems.de\/de\/2025\/03\/03\/the-importance-of-structured-sample-collection-in-small-research-groups\/\">Die Bedeutung einer strukturierten Probenerfassung in kleinen Forschungsgruppen<\/a><time datetime=\"2025-03-03T10:48:31+01:00\" class=\"wp-block-latest-posts__post-date\">3. M\u00e4rz 2025<\/time><div class=\"wp-block-latest-posts__post-excerpt\">In der wissenschaftlichen Forschung ist die pr\u00e4zise Erfassung und Verwaltung von Proben essenziell, um verl\u00e4ssliche und reproduzierbare Ergebnisse zu gew\u00e4hrleisten. Dies gilt besonders f\u00fcr kleine Forschungsgruppen, die oft auf studentische Hilfskr\u00e4fte und tempor\u00e4re Mitarbeiter angewiesen sind. Eine effiziente Probenerfassung stellt sicher...\u00a0<a class=\"wp-block-latest-posts__read-more\" href=\"https:\/\/www.nextlab-systems.de\/de\/2025\/03\/03\/the-importance-of-structured-sample-collection-in-small-research-groups\/\" rel=\"noopener noreferrer\"><span class=\"screen-reader-text\">Die Bedeutung einer strukturierten Probenerfassung in kleinen Forschungsgruppen <\/span>weiterlesen<\/a><\/div><\/li>\n<li><div class=\"wp-block-latest-posts__featured-image alignleft\"><img loading=\"lazy\" decoding=\"async\" width=\"150\" height=\"150\" src=\"https:\/\/www.nextlab-systems.de\/wp-content\/uploads\/2024\/10\/Biobanking-150x150.png\" class=\"attachment-thumbnail size-thumbnail wp-post-image\" alt=\"QuickScan Biobanking Software\" style=\"\" \/><\/div><a class=\"wp-block-latest-posts__post-title\" href=\"https:\/\/www.nextlab-systems.de\/de\/2024\/10\/15\/biobanking-software\/\">Die Wichtigkeit von Biobanking-Software in der heutigen Forschung: Ein Blick auf QuickScan-Biobanking von NextLab-Systems<\/a><time datetime=\"2024-10-15T08:28:20+02:00\" class=\"wp-block-latest-posts__post-date\">15. Oktober 2024<\/time><div class=\"wp-block-latest-posts__post-excerpt\">In der modernen medizinischen und biowissenschaftlichen Forschung spielt die Verwaltung biologischer Proben eine zentrale Rolle. Biobanking \u2013 das systematische Sammeln, Lagern und Verwalten von biologischen Materialien wie Blut, Gewebe, DNA und anderen Proben \u2013 hat in den letzten Jahrzehnten immens an Bedeutung gewonnen. Die Wissenschaftler von heute stehen jedoch vor einer immer gr\u00f6\u00dferen Herausforderung...\u00a0<a class=\"wp-block-latest-posts__read-more\" href=\"https:\/\/www.nextlab-systems.de\/de\/2024\/10\/15\/biobanking-software\/\" rel=\"noopener noreferrer\"><span class=\"screen-reader-text\">Die Wichtigkeit von Biobanking-Software in der heutigen Forschung: Ein Blick auf QuickScan-Biobanking von NextLab-Systems <\/span>weiterlesen<\/a><\/div><\/li>\n<li><div class=\"wp-block-latest-posts__featured-image alignleft\"><img loading=\"lazy\" decoding=\"async\" width=\"150\" height=\"150\" src=\"https:\/\/www.nextlab-systems.de\/wp-content\/uploads\/2024\/07\/defrost-150x150.png\" class=\"attachment-thumbnail size-thumbnail wp-post-image\" alt=\"defrost samples\" style=\"\" \/><\/div><a class=\"wp-block-latest-posts__post-title\" href=\"https:\/\/www.nextlab-systems.de\/de\/2024\/07\/01\/the-importance-of-de-icing-sample-tubes-prior-to-barcode-scanning\/\">Die Bedeutung des Enteisens von Probenr\u00f6hrchen vor der Barcodeerfassung<\/a><time datetime=\"2024-07-01T14:34:35+02:00\" class=\"wp-block-latest-posts__post-date\">1. Juli 2024<\/time><div class=\"wp-block-latest-posts__post-excerpt\">Das Enteisen von Probenr\u00f6hrchen vor der Barcodeerfassung ist ein kritischer Prozess in Laborumgebungen. Diese Praxis verbessert die Erkennungsrate von Barcodes erheblich, erleichtert das Handling w\u00e4hrend des Pickprozesses, reduziert die Frostbildung in Gefrierschr\u00e4nken und verhindert die Bildung von Eisschichten auf den...\u00a0<a class=\"wp-block-latest-posts__read-more\" href=\"https:\/\/www.nextlab-systems.de\/de\/2024\/07\/01\/the-importance-of-de-icing-sample-tubes-prior-to-barcode-scanning\/\" rel=\"noopener noreferrer\"><span class=\"screen-reader-text\">Die Bedeutung des Enteisens von Probenr\u00f6hrchen vor der Barcodeerfassung <\/span>weiterlesen<\/a><\/div><\/li>\n<li><div class=\"wp-block-latest-posts__featured-image alignleft\"><img loading=\"lazy\" decoding=\"async\" width=\"150\" height=\"150\" src=\"https:\/\/www.nextlab-systems.de\/wp-content\/uploads\/2024\/06\/labo_info1_03_06_2009_2-150x150.jpg\" class=\"attachment-thumbnail size-thumbnail wp-post-image\" alt=\"\" style=\"\" \/><\/div><a class=\"wp-block-latest-posts__post-title\" href=\"https:\/\/www.nextlab-systems.de\/de\/2024\/06\/06\/barcode-tracking\/\">\"Die Bedeutung von Barcode-Verfolgung in Laboratorien: Genauigkeit, Effizienz und R\u00fcckverfolgbarkeit\"<\/a><time datetime=\"2024-06-06T08:24:39+02:00\" class=\"wp-block-latest-posts__post-date\">6. Juni 2024<\/time><div class=\"wp-block-latest-posts__post-excerpt\">Als Labortechniker habe ich aus erster Hand erfahren, wie unverzichtbar die Barcode-Verfolgung f\u00fcr unsere t\u00e4glichen Abl\u00e4ufe ist. Die Einf\u00fchrung eines leistungsf\u00e4higen Barcode-Tracking-Systems im Labor hat unsere Arbeitsprozesse revolutioniert und sorgt f\u00fcr Genauigkeit, Effizienz und R\u00fcckverfolgbarkeit. Hier sind aus meiner Sicht die Gr\u00fcnde, warum...\u00a0<a class=\"wp-block-latest-posts__read-more\" href=\"https:\/\/www.nextlab-systems.de\/de\/2024\/06\/06\/barcode-tracking\/\" rel=\"noopener noreferrer\"><span class=\"screen-reader-text\">\"Die Bedeutung von Barcode-Verfolgung in Laboratorien: Genauigkeit, Effizienz und R\u00fcckverfolgbarkeit\" <\/span>weiterlesen<\/a><\/div><\/li>\n<\/ul><\/div>","protected":false},"excerpt":{"rendered":"<p>rackreader.de We specialize in laboratory scanning systems designed for seamless sample tracking and management. Our solutions include mobile scanners, single readers, and rack readers, enhancing efficiency and accuracy in laboratory workflows. FlashScan NT Rack Reader FlashScanV2 Cryo Rack Reader MobileONE Single Tube Reader QuickScan softwareCapturing and Tracking QuickONESingle Tube Reader Sample CollectorBarcode Data Management DefrostRolldefrosting [&hellip;]<\/p>\n","protected":false},"author":1,"featured_media":150,"parent":0,"menu_order":0,"comment_status":"closed","ping_status":"closed","template":"page-no-title","meta":{"footnotes":""},"class_list":["post-654","page","type-page","status-publish","has-post-thumbnail","hentry"],"_links":{"self":[{"href":"https:\/\/www.nextlab-systems.de\/de\/wp-json\/wp\/v2\/pages\/654","targetHints":{"allow":["GET"]}}],"collection":[{"href":"https:\/\/www.nextlab-systems.de\/de\/wp-json\/wp\/v2\/pages"}],"about":[{"href":"https:\/\/www.nextlab-systems.de\/de\/wp-json\/wp\/v2\/types\/page"}],"author":[{"embeddable":true,"href":"https:\/\/www.nextlab-systems.de\/de\/wp-json\/wp\/v2\/users\/1"}],"replies":[{"embeddable":true,"href":"https:\/\/www.nextlab-systems.de\/de\/wp-json\/wp\/v2\/comments?post=654"}],"version-history":[{"count":16,"href":"https:\/\/www.nextlab-systems.de\/de\/wp-json\/wp\/v2\/pages\/654\/revisions"}],"predecessor-version":[{"id":838,"href":"https:\/\/www.nextlab-systems.de\/de\/wp-json\/wp\/v2\/pages\/654\/revisions\/838"}],"wp:featuredmedia":[{"embeddable":true,"href":"https:\/\/www.nextlab-systems.de\/de\/wp-json\/wp\/v2\/media\/150"}],"wp:attachment":[{"href":"https:\/\/www.nextlab-systems.de\/de\/wp-json\/wp\/v2\/media?parent=654"}],"curies":[{"name":"wp","href":"https:\/\/api.w.org\/{rel}","templated":true}]}}